{"id":303644,"date":"2025-12-02T14:06:22","date_gmt":"2025-12-02T14:06:22","guid":{"rendered":"https:\/\/www.alientech-tools.com\/informativa-cookie\/"},"modified":"2025-12-04T13:40:22","modified_gmt":"2025-12-04T13:40:22","slug":"informativa-cookie","status":"publish","type":"page","link":"https:\/\/www.alientech-tools.com\/it\/informativa-cookie\/","title":{"rendered":"Informativa Cookie"},"content":{"rendered":"\t\t<div data-elementor-type=\"wp-page\" data-elementor-id=\"303644\" class=\"elementor elementor-303644 elementor-194635\" data-elementor-post-type=\"page\">\n\t\t\t\t\t\t<article data-particle_enable=\"false\" data-particle-mobile-disabled=\"false\" class=\"elementor-section elementor-top-section elementor-element elementor-element-11276539 elementor-section-full_width elementor-section-height-default elementor-section-height-default\" data-id=\"11276539\" data-element_type=\"section\" data-e-type=\"section\">\n\t\t\t\t\t\t<div class=\"elementor-container elementor-column-gap-default\">\n\t\t\t\t\t<div class=\"elementor-column elementor-col-100 elementor-top-column elementor-element elementor-element-22348827\" data-id=\"22348827\" data-element_type=\"column\" data-e-type=\"column\">\n\t\t\t<div class=\"elementor-widget-wrap elementor-element-populated\">\n\t\t\t\t\t\t<div class=\"elementor-element elementor-element-79a4aa17 elementor-widget-divider--view-line elementor-widget elementor-widget-divider\" data-id=\"79a4aa17\" data-element_type=\"widget\" data-e-type=\"widget\" data-widget_type=\"divider.default\">\n\t\t\t\t<div class=\"elementor-widget-container\">\n\t\t\t\t\t\t\t<div class=\"elementor-divider\">\n\t\t\t<span class=\"elementor-divider-separator\">\n\t\t\t\t\t\t<\/span>\n\t\t<\/div>\n\t\t\t\t\t\t<\/div>\n\t\t\t\t<\/div>\n\t\t\t\t<div class=\"elementor-element elementor-element-700bdbe1 elementor-widget elementor-widget-heading\" data-id=\"700bdbe1\" data-element_type=\"widget\" data-e-type=\"widget\" data-widget_type=\"heading.default\">\n\t\t\t\t<div class=\"elementor-widget-container\">\n\t\t\t\t\t<h1 class=\"elementor-heading-title elementor-size-default\">Cookie policy del sito <br>www.alientech-tools.com<\/h1>\t\t\t\t<\/div>\n\t\t\t\t<\/div>\n\t\t\t\t<div class=\"elementor-element elementor-element-9fdd125 elementor-widget elementor-widget-heading\" data-id=\"9fdd125\" data-element_type=\"widget\" data-e-type=\"widget\" data-widget_type=\"heading.default\">\n\t\t\t\t<div class=\"elementor-widget-container\">\n\t\t\t\t\t<h2 class=\"elementor-heading-title elementor-size-large\">1. Introduzione<\/h2>\t\t\t\t<\/div>\n\t\t\t\t<\/div>\n\t\t\t\t<div class=\"elementor-element elementor-element-2708668 elementor-widget elementor-widget-text-editor\" data-id=\"2708668\" data-element_type=\"widget\" data-e-type=\"widget\" data-widget_type=\"text-editor.default\">\n\t\t\t\t<div class=\"elementor-widget-container\">\n\t\t\t\t\t\t\t\t\t<p>Il presente sito utilizza cookie per garantire il corretto funzionamento delle pagine, per personalizzare contenuti, fornire funzionalit\u00e0 dei social media e analizzare il traffico.<\/p>\t\t\t\t\t\t\t\t<\/div>\n\t\t\t\t<\/div>\n\t\t\t\t<div class=\"elementor-element elementor-element-6c3a2e8 elementor-widget elementor-widget-heading\" data-id=\"6c3a2e8\" data-element_type=\"widget\" data-e-type=\"widget\" data-widget_type=\"heading.default\">\n\t\t\t\t<div class=\"elementor-widget-container\">\n\t\t\t\t\t<h2 class=\"elementor-heading-title elementor-size-large\">2. Cosa sono i cookie<\/h2>\t\t\t\t<\/div>\n\t\t\t\t<\/div>\n\t\t\t\t<div class=\"elementor-element elementor-element-376ec55 elementor-widget elementor-widget-text-editor\" data-id=\"376ec55\" data-element_type=\"widget\" data-e-type=\"widget\" data-widget_type=\"text-editor.default\">\n\t\t\t\t<div class=\"elementor-widget-container\">\n\t\t\t\t\t\t\t\t\t<p>I cookie sono piccoli file di testo che i siti web visitati inviano al terminale dell\u2019utente, dove vengono memorizzati per essere poi ritrasmessi agli stessi siti alla visita successiva. Sono utilizzati per migliorare il funzionamento del sito, personalizzare l\u2019esperienza dell\u2019utente e raccogliere informazioni statistiche e di marketing. <\/p>\t\t\t\t\t\t\t\t<\/div>\n\t\t\t\t<\/div>\n\t\t\t\t<div class=\"elementor-element elementor-element-dab407e elementor-widget elementor-widget-heading\" data-id=\"dab407e\" data-element_type=\"widget\" data-e-type=\"widget\" data-widget_type=\"heading.default\">\n\t\t\t\t<div class=\"elementor-widget-container\">\n\t\t\t\t\t<h2 class=\"elementor-heading-title elementor-size-large\">3. Tipologie di cookie utilizzati<\/h2>\t\t\t\t<\/div>\n\t\t\t\t<\/div>\n\t\t\t\t<div class=\"elementor-element elementor-element-31d127d elementor-widget elementor-widget-text-editor\" data-id=\"31d127d\" data-element_type=\"widget\" data-e-type=\"widget\" data-widget_type=\"text-editor.default\">\n\t\t\t\t<div class=\"elementor-widget-container\">\n\t\t\t\t\t\t\t\t\t<p>Il sito www.alientech-tools.com utilizza le seguenti categorie di cookie:<\/p><ul><li>Cookie necessari<br>Sono essenziali per il corretto funzionamento del sito e non richiedono il consenso dell\u2019utente. Permettono, ad esempio, la navigazione tra le pagine e l\u2019accesso ad aree riservate. <\/li><li>Cookie tecnici<br>Consentono al sito di ricordare le scelte effettuate dall\u2019utente (come la lingua o la regione), migliorando la funzionalit\u00e0 e personalizzazione.<\/li><li>Cookie analitici (statistici)<br>Raccolgono informazioni anonime sull\u2019uso del sito, ad esempio il numero di visitatori e le pagine pi\u00f9 visitate. Vengono installati solo previo consenso dell\u2019utente. <\/li><\/ul><p>Alcuni domini collegati al presente sito (ad esempio alientech.academy, alientech.at, alientech.com.au) effettuano un reindirizzamento automaticamente verso questo dominio. Tali domini non installano cookie e non effettuano alcun trattamento di dati personali: il reindirizzamento avviene in modo immediato e trasparente, senza l\u2019esecuzione di script o l\u2019utilizzo di tecnologie di tracciamento.<br>Per informazioni sul trattamento dei dati e sull\u2019utilizzo dei cookie, si prega di fare riferimento esclusivamente alla presente Cookie Policy. <\/p>\t\t\t\t\t\t\t\t<\/div>\n\t\t\t\t<\/div>\n\t\t\t\t<div class=\"elementor-element elementor-element-6108680 elementor-widget elementor-widget-heading\" data-id=\"6108680\" data-element_type=\"widget\" data-e-type=\"widget\" data-widget_type=\"heading.default\">\n\t\t\t\t<div class=\"elementor-widget-container\">\n\t\t\t\t\t<h2 class=\"elementor-heading-title elementor-size-large\">4. Cookie di terze parti<\/h2>\t\t\t\t<\/div>\n\t\t\t\t<\/div>\n\t\t\t\t<div class=\"elementor-element elementor-element-5d7daa6 elementor-widget elementor-widget-text-editor\" data-id=\"5d7daa6\" data-element_type=\"widget\" data-e-type=\"widget\" data-widget_type=\"text-editor.default\">\n\t\t\t\t<div class=\"elementor-widget-container\">\n\t\t\t\t\t\t\t\t\t<p>Il sito pu\u00f2 integrare contenuti o funzionalit\u00e0 fornite da soggetti terzi, che possono installare propri cookie per finalit\u00e0 tecniche, analitiche o di marketing.<\/p><p>L\u2019elenco dettagliato dei cookie utilizzati, inclusi quelli di terze parti, \u00e8 disponibile nella sezione <a href=\"#cookielist\">7) Elenco dei cookie utilizzati<\/a>.<\/p><p>Per maggiori informazioni sul trattamento dei dati da parte dei fornitori di cookie di terze parti, si invita a consultare le relative informative sulla privacy e sui cookie.<\/p>\t\t\t\t\t\t\t\t<\/div>\n\t\t\t\t<\/div>\n\t\t\t\t<div class=\"elementor-element elementor-element-3dc752d elementor-widget elementor-widget-heading\" data-id=\"3dc752d\" data-element_type=\"widget\" data-e-type=\"widget\" data-widget_type=\"heading.default\">\n\t\t\t\t<div class=\"elementor-widget-container\">\n\t\t\t\t\t<h2 class=\"elementor-heading-title elementor-size-large\">5. Gestione del consenso<\/h2>\t\t\t\t<\/div>\n\t\t\t\t<\/div>\n\t\t\t\t<div class=\"elementor-element elementor-element-fd33c56 elementor-widget elementor-widget-text-editor\" data-id=\"fd33c56\" data-element_type=\"widget\" data-e-type=\"widget\" data-widget_type=\"text-editor.default\">\n\t\t\t\t<div class=\"elementor-widget-container\">\n\t\t\t\t\t\t\t\t\t<p>L\u2019utente pu\u00f2 gestire le preferenze relative ai cookie tramite il banner di consenso, visualizzato al primo accesso al sito. Il banner consente di: <\/p><ul><li>Accettare tutti i cookie, cliccando sul bottone \u201cAccetta tutti\u201d;<\/li><li>Rifiutare tutti i cookie non necessari, cliccando sul bottone \u201cRifiuta tutti\u201d oppure chiudendo il banner tramite la \u201cX\u201d in alto a destra;<\/li><li>Personalizzare le scelte, cliccando sul bottone \u201cPersonalizza\u201d per selezionare singolarmente le categorie di cookie da abilitare. Per confermare la personalizzazione delle categorie di cookie da abilitare, cliccare sul bottone \u201cSalva le mie preferenze\u201d. <\/li><\/ul><p>Una volta effettuata una scelta, il banner non viene pi\u00f9 riproposto ai successivi accessi, ma l\u2019utente pu\u00f2 modificare o revocare in qualsiasi momento il consenso prestato all\u2019uso dei cookie non necessari cliccando sul link \u201cModifica preferenze cookie\u201d sempre visibile in sovraimpressione su tutte le pagine del sito. L\u2019eventuale revoca ha effetto immediato e non pregiudica la liceit\u00e0 del trattamento basata sul consenso prima della revoca.  <\/p><p>Le preferenze dell\u2019utente vengono registrate tramite la piattaforma di gestione del consenso, che utilizza un cookie tecnico per memorizzare la scelta effettuata.<\/p><p>L\u2019utilizzo del sito \u00e8 possibile anche rifiutando i cookie non necessari, pur con eventuali limitazioni funzionali.<\/p><p><strong>Nota<\/strong>: se l\u2019utente ha configurato il proprio browser in modo da cancellare automaticamente i cookie alla chiusura o da non accettarli, le preferenze espresse verranno perse. In tal caso, il banner di gestione del consenso verr\u00e0 nuovamente mostrato al successivo accesso al sito. <\/p>\t\t\t\t\t\t\t\t<\/div>\n\t\t\t\t<\/div>\n\t\t\t\t<div class=\"elementor-element elementor-element-d34c989 elementor-widget elementor-widget-heading\" data-id=\"d34c989\" data-element_type=\"widget\" data-e-type=\"widget\" data-widget_type=\"heading.default\">\n\t\t\t\t<div class=\"elementor-widget-container\">\n\t\t\t\t\t<h2 class=\"elementor-heading-title elementor-size-large\">6. Gestione dei cookie tramite browser<\/h2>\t\t\t\t<\/div>\n\t\t\t\t<\/div>\n\t\t\t\t<div class=\"elementor-element elementor-element-408998b elementor-widget elementor-widget-text-editor\" data-id=\"408998b\" data-element_type=\"widget\" data-e-type=\"widget\" data-widget_type=\"text-editor.default\">\n\t\t\t\t<div class=\"elementor-widget-container\">\n\t\t\t\t\t\t\t\t\t<p>L\u2019utente pu\u00f2 gestire e\/o eliminare i cookie anche tramite le impostazioni del proprio browser.<\/p><p>A titolo esemplificativo, \u00e8 possibile:<\/p><ul><li>bloccare i cookie di terze parti,<\/li><li>cancellare tutti i cookie,<\/li><li>impostare eccezioni per determinati siti,<\/li><li>ricevere avvisi prima dell\u2019archiviazione di un cookie.<\/li><\/ul><p>Le preferenze impostate nel browser si applicano al dispositivo e al browser utilizzati.<\/p><p><strong>Attenzione:<\/strong> disabilitare o cancellare i cookie (in particolare quelli tecnici\/necessari) potrebbe compromettere talune funzionalit\u00e0 del sito o dei servizi. Se i cookie vengono eliminati, il banner per la gestione del consenso potr\u00e0 essere riproposto al successivo accesso. Per maggiori informazioni, consultare la sezione \u201cAiuto\u201d del proprio browser (ad es. Chrome, Firefox, Safari, Edge) e, su dispositivi mobili, le impostazioni del sistema operativo (ad es. iOS, Android).  <\/p>\t\t\t\t\t\t\t\t<\/div>\n\t\t\t\t<\/div>\n\t\t\t\t<div class=\"elementor-element elementor-element-f9b750f elementor-widget elementor-widget-heading\" data-id=\"f9b750f\" data-element_type=\"widget\" data-e-type=\"widget\" data-widget_type=\"heading.default\">\n\t\t\t\t<div class=\"elementor-widget-container\">\n\t\t\t\t\t<h2 class=\"elementor-heading-title elementor-size-large\">7. Elenco dei cookie utilizzati<\/h2>\t\t\t\t<\/div>\n\t\t\t\t<\/div>\n\t\t\t\t<div class=\"elementor-element elementor-element-a68a00a elementor-widget elementor-widget-text-editor\" data-id=\"a68a00a\" data-element_type=\"widget\" data-e-type=\"widget\" data-widget_type=\"text-editor.default\">\n\t\t\t\t<div class=\"elementor-widget-container\">\n\t\t\t\t\t\t\t\t\t<p>Di seguito \u00e8 riportato l\u2019elenco aggiornato dei cookie utilizzati dal sito, comprensivo di nome, finalit\u00e0, tipologia, durata, fornitore\/terza parte, eventuale trasferimento extra-UE e link alla relativa privacy\/cookie policy. I cookie sono suddivisi per categoria, in base alla loro funzione. <\/p>\t\t\t\t\t\t\t\t<\/div>\n\t\t\t\t<\/div>\n\t\t\t\t<div class=\"elementor-element elementor-element-39a8be0 elementor-widget__width-inherit elementor-widget elementor-widget-html\" data-id=\"39a8be0\" data-element_type=\"widget\" data-e-type=\"widget\" data-widget_type=\"html.default\">\n\t\t\t\t<div class=\"elementor-widget-container\">\n\t\t\t\t\t<div class=\"cky-audit-table-element\"><\/div>\t\t\t\t<\/div>\n\t\t\t\t<\/div>\n\t\t\t\t<div class=\"elementor-element elementor-element-14ee921 elementor-widget elementor-widget-text-editor\" data-id=\"14ee921\" data-element_type=\"widget\" data-e-type=\"widget\" data-widget_type=\"text-editor.default\">\n\t\t\t\t<div class=\"elementor-widget-container\">\n\t\t\t\t\t\t\t\t\t<p><strong>Legenda \u2013 Colonna \u201cTrasferimento extra-UE\u201d<\/strong><\/p><ul><li><strong>S\u00ec (Paese):<\/strong> il trattamento dei dati tramite questo cookie comporta il trasferimento verso un Paese extra-UE, indicato tra parentesi (ad es. \u201cS\u00ec (USA)\u201d).<\/li><li><strong>No:<\/strong> il trattamento dei dati avviene esclusivamente all\u2019interno dell\u2019Unione Europea\/Spazio Economico Europeo.<\/li><li><strong>Non applicabile:<\/strong> il cookie non invia dati a server esterni, ma memorizza informazioni localmente sul dispositivo dell\u2019utente.<\/li><\/ul><p><strong>Nota tecnica \u2013 Google Tag Manager<\/strong><\/p><p>Il sito utilizza Google Tag Manager, uno strumento che consente di gestire e distribuire tag e script di terze parti in modo centralizzato. Google Tag Manager non utilizza cookie n\u00e9 raccoglie direttamente dati personali, ma pu\u00f2 attivare tag che effettuano trattamenti di dati (come, ad esempio, Google Analytics) previo consenso dell\u2019utente. <\/p>\t\t\t\t\t\t\t\t<\/div>\n\t\t\t\t<\/div>\n\t\t\t\t<div class=\"elementor-element elementor-element-dcc08ba elementor-widget elementor-widget-heading\" data-id=\"dcc08ba\" data-element_type=\"widget\" data-e-type=\"widget\" data-widget_type=\"heading.default\">\n\t\t\t\t<div class=\"elementor-widget-container\">\n\t\t\t\t\t<h2 class=\"elementor-heading-title elementor-size-large\">8. Base giuridica del trattamento<\/h2>\t\t\t\t<\/div>\n\t\t\t\t<\/div>\n\t\t\t\t<div class=\"elementor-element elementor-element-d55ed7c elementor-widget elementor-widget-text-editor\" data-id=\"d55ed7c\" data-element_type=\"widget\" data-e-type=\"widget\" data-widget_type=\"text-editor.default\">\n\t\t\t\t<div class=\"elementor-widget-container\">\n\t\t\t\t\t\t\t\t\t<ul><li>I cookie necessari vengono installati in base all\u2019interesse legittimo del Titolare (art. 6, par. 1, lett. f del GDPR)<\/li><li>I cookie tecnici sono installati previo consenso esplicito dell\u2019utente solo se non strettamente necessari al funzionamento tecnico del sito; in tali casi, la base giuridica \u00e8 il consenso dell\u2019utente (art. 6, par. 1, lett. a del GDPR). Se invece il cookie tecnico \u00e8 indispensabile per erogare un servizio richiesto dall\u2019utente (ad esempio, memorizzare la lingua selezionata), esso rientra tra i cookie necessari e viene installato sulla base dell\u2019interesse legittimo del Titolare (art. 6, par. 1, lett. f del GDPR). <\/li><li>I cookie analitici vengono installati solo previo consenso esplicito dell\u2019utente (art. 6, par. 1, lett. a del GDPR)<\/li><\/ul>\t\t\t\t\t\t\t\t<\/div>\n\t\t\t\t<\/div>\n\t\t\t\t<div class=\"elementor-element elementor-element-d7ee83d elementor-widget elementor-widget-heading\" data-id=\"d7ee83d\" data-element_type=\"widget\" data-e-type=\"widget\" data-widget_type=\"heading.default\">\n\t\t\t\t<div class=\"elementor-widget-container\">\n\t\t\t\t\t<h2 class=\"elementor-heading-title elementor-size-large\">9. Comunicazione e diffusione dei dati<\/h2>\t\t\t\t<\/div>\n\t\t\t\t<\/div>\n\t\t\t\t<div class=\"elementor-element elementor-element-ba0aeb8 elementor-widget elementor-widget-text-editor\" data-id=\"ba0aeb8\" data-element_type=\"widget\" data-e-type=\"widget\" data-widget_type=\"text-editor.default\">\n\t\t\t\t<div class=\"elementor-widget-container\">\n\t\t\t\t\t\t\t\t\t<p>I dati raccolti tramite cookie possono essere trattati da soggetti che agiscono per conto del Titolare in qualit\u00e0 di responsabili del trattamento, oppure da terze parti titolari autonomi. I dati non saranno diffusi. <\/p>\t\t\t\t\t\t\t\t<\/div>\n\t\t\t\t<\/div>\n\t\t\t\t<div class=\"elementor-element elementor-element-108fb14 elementor-widget elementor-widget-heading\" data-id=\"108fb14\" data-element_type=\"widget\" data-e-type=\"widget\" data-widget_type=\"heading.default\">\n\t\t\t\t<div class=\"elementor-widget-container\">\n\t\t\t\t\t<h2 class=\"elementor-heading-title elementor-size-large\">10. Trasferimento dei dati extra-UE<\/h2>\t\t\t\t<\/div>\n\t\t\t\t<\/div>\n\t\t\t\t<div class=\"elementor-element elementor-element-a955b9f elementor-widget elementor-widget-text-editor\" data-id=\"a955b9f\" data-element_type=\"widget\" data-e-type=\"widget\" data-widget_type=\"text-editor.default\">\n\t\t\t\t<div class=\"elementor-widget-container\">\n\t\t\t\t\t\t\t\t\t<p>L\u2019uso di cookie di terze parti pu\u00f2 comportare il trasferimento di dati verso paesi non appartenenti all\u2019Unione Europea (es. Stati Uniti). In questi casi, il trasferimento avviene sulla base di clausole contrattuali standard o altri meccanismi di garanzia previsti dal GDPR. <\/p>\t\t\t\t\t\t\t\t<\/div>\n\t\t\t\t<\/div>\n\t\t\t\t<div class=\"elementor-element elementor-element-5a259f7 elementor-widget elementor-widget-heading\" data-id=\"5a259f7\" data-element_type=\"widget\" data-e-type=\"widget\" data-widget_type=\"heading.default\">\n\t\t\t\t<div class=\"elementor-widget-container\">\n\t\t\t\t\t<h2 class=\"elementor-heading-title elementor-size-large\">11. Conservazione del consenso<\/h2>\t\t\t\t<\/div>\n\t\t\t\t<\/div>\n\t\t\t\t<div class=\"elementor-element elementor-element-51187e0 elementor-widget elementor-widget-text-editor\" data-id=\"51187e0\" data-element_type=\"widget\" data-e-type=\"widget\" data-widget_type=\"text-editor.default\">\n\t\t\t\t<div class=\"elementor-widget-container\">\n\t\t\t\t\t\t\t\t\t<p>Il consenso prestato dall\u2019utente viene tracciato e registrato tramite un sistema di gestione delle preferenze, che impiega un cookie tecnico sul dispositivo dell\u2019utente per memorizzare la preferenza espressa.<\/p><p>Nessun dato personale viene associato a tale consenso: il cookie necessario registra esclusivamente un identificativo anonimo o equivalente, necessario a collegare le preferenze espresse dall\u2019utente senza tracciarne l\u2019identit\u00e0.<\/p><p>Le preferenze relative ai cookie vengono conservate per un periodo non superiore a 12 mesi, trascorso il quale il banner verr\u00e0 nuovamente mostrato per consentire all\u2019utente di aggiornare le proprie scelte. Il banner potr\u00e0 essere riproposto anche prima di tale termine, in caso di modifiche sostanziali ai cookie utilizzati dal sito o alle relative finalit\u00e0. <\/p>\t\t\t\t\t\t\t\t<\/div>\n\t\t\t\t<\/div>\n\t\t\t\t<div class=\"elementor-element elementor-element-623404c elementor-widget elementor-widget-heading\" data-id=\"623404c\" data-element_type=\"widget\" data-e-type=\"widget\" data-widget_type=\"heading.default\">\n\t\t\t\t<div class=\"elementor-widget-container\">\n\t\t\t\t\t<h2 class=\"elementor-heading-title elementor-size-large\">12. Titolare del trattamento<\/h2>\t\t\t\t<\/div>\n\t\t\t\t<\/div>\n\t\t\t\t<div class=\"elementor-element elementor-element-11ae7d9 elementor-widget elementor-widget-text-editor\" data-id=\"11ae7d9\" data-element_type=\"widget\" data-e-type=\"widget\" data-widget_type=\"text-editor.default\">\n\t\t\t\t<div class=\"elementor-widget-container\">\n\t\t\t\t\t\t\t\t\t<p>Il Titolare del trattamento \u00e8 Alientech S.r.l. a socio unico \u2013 P.IVA 02007510023, con sede legale in Via dei Cordari 1, 13039 Trino (VC) \u2013 e-mail: <a href=\"mailto:legal@alientech.to\">legal@alientech.to<\/a><\/p>\t\t\t\t\t\t\t\t<\/div>\n\t\t\t\t<\/div>\n\t\t\t\t<div class=\"elementor-element elementor-element-e2d1aa2 elementor-widget elementor-widget-heading\" data-id=\"e2d1aa2\" data-element_type=\"widget\" data-e-type=\"widget\" data-widget_type=\"heading.default\">\n\t\t\t\t<div class=\"elementor-widget-container\">\n\t\t\t\t\t<h2 class=\"elementor-heading-title elementor-size-large\">13. Modifiche alla presente policy<\/h2>\t\t\t\t<\/div>\n\t\t\t\t<\/div>\n\t\t\t\t<div class=\"elementor-element elementor-element-763cca9 elementor-widget elementor-widget-text-editor\" data-id=\"763cca9\" data-element_type=\"widget\" data-e-type=\"widget\" data-widget_type=\"text-editor.default\">\n\t\t\t\t<div class=\"elementor-widget-container\">\n\t\t\t\t\t\t\t\t\t<p>La presente cookie policy pu\u00f2 essere soggetta a modifiche nel tempo. Gli utenti sono invitati a consultarla periodicamente per restare aggiornati su eventuali variazioni. <\/p><p>Per ulteriori informazioni sul trattamento dei dati personali da parte del Titolare del trattamento, si rimanda all\u2019Informativa Privacy del sito.<\/p><p>Data di ultima modifica: 10 ottobre 2025<\/p>\t\t\t\t\t\t\t\t<\/div>\n\t\t\t\t<\/div>\n\t\t\t\t\t<\/div>\n\t\t<\/div>\n\t\t\t\t\t<\/div>\n\t\t<\/article>\n\t\t\t\t<\/div>\n\t\t","protected":false},"excerpt":{"rendered":"<p>Questo documento illustra cosa sono i cookie e come Alientech gestisce questo tipo di dati su www.alientech-tools.com.<\/p>\n","protected":false},"author":20,"featured_media":97833,"parent":0,"menu_order":0,"comment_status":"closed","ping_status":"closed","template":"","meta":{"_acf_changed":false,"content-type":"","footnotes":""},"class_list":["post-303644","page","type-page","status-publish","has-post-thumbnail","hentry"],"acf":[],"_links":{"self":[{"href":"https:\/\/www.alientech-tools.com\/it\/wp-json\/wp\/v2\/pages\/303644","targetHints":{"allow":["GET"]}}],"collection":[{"href":"https:\/\/www.alientech-tools.com\/it\/wp-json\/wp\/v2\/pages"}],"about":[{"href":"https:\/\/www.alientech-tools.com\/it\/wp-json\/wp\/v2\/types\/page"}],"author":[{"embeddable":true,"href":"https:\/\/www.alientech-tools.com\/it\/wp-json\/wp\/v2\/users\/20"}],"replies":[{"embeddable":true,"href":"https:\/\/www.alientech-tools.com\/it\/wp-json\/wp\/v2\/comments?post=303644"}],"version-history":[{"count":0,"href":"https:\/\/www.alientech-tools.com\/it\/wp-json\/wp\/v2\/pages\/303644\/revisions"}],"wp:featuredmedia":[{"embeddable":true,"href":"https:\/\/www.alientech-tools.com\/it\/wp-json\/wp\/v2\/media\/97833"}],"wp:attachment":[{"href":"https:\/\/www.alientech-tools.com\/it\/wp-json\/wp\/v2\/media?parent=303644"}],"curies":[{"name":"wp","href":"https:\/\/api.w.org\/{rel}","templated":true}]}}