{"id":101722,"date":"2023-12-19T15:15:20","date_gmt":"2023-12-19T15:15:20","guid":{"rendered":"https:\/\/www.alientech-tools.com\/?page_id=101722"},"modified":"2025-10-07T13:02:16","modified_gmt":"2025-10-07T13:02:16","slug":"whistleblowing","status":"publish","type":"page","link":"https:\/\/www.alientech-tools.com\/it\/whistleblowing\/","title":{"rendered":"Whistleblowing"},"content":{"rendered":"\t\t<div data-elementor-type=\"wp-page\" data-elementor-id=\"101722\" class=\"elementor elementor-101722 elementor-101717\" data-elementor-post-type=\"page\">\n\t\t\t\t\t\t<article data-particle_enable=\"false\" data-particle-mobile-disabled=\"false\" class=\"elementor-section elementor-top-section elementor-element elementor-element-11276539 elementor-section-full_width elementor-section-height-default elementor-section-height-default\" data-id=\"11276539\" data-element_type=\"section\" data-e-type=\"section\">\n\t\t\t\t\t\t<div class=\"elementor-container elementor-column-gap-default\">\n\t\t\t\t\t<div class=\"elementor-column elementor-col-100 elementor-top-column elementor-element elementor-element-22348827\" data-id=\"22348827\" data-element_type=\"column\" data-e-type=\"column\">\n\t\t\t<div class=\"elementor-widget-wrap elementor-element-populated\">\n\t\t\t\t\t\t<div class=\"elementor-element elementor-element-79a4aa17 elementor-widget-divider--view-line elementor-widget elementor-widget-divider\" data-id=\"79a4aa17\" data-element_type=\"widget\" data-e-type=\"widget\" data-widget_type=\"divider.default\">\n\t\t\t\t<div class=\"elementor-widget-container\">\n\t\t\t\t\t\t\t<div class=\"elementor-divider\">\n\t\t\t<span class=\"elementor-divider-separator\">\n\t\t\t\t\t\t<\/span>\n\t\t<\/div>\n\t\t\t\t\t\t<\/div>\n\t\t\t\t<\/div>\n\t\t\t\t<div class=\"elementor-element elementor-element-700bdbe1 elementor-widget elementor-widget-heading\" data-id=\"700bdbe1\" data-element_type=\"widget\" data-e-type=\"widget\" data-widget_type=\"heading.default\">\n\t\t\t\t<div class=\"elementor-widget-container\">\n\t\t\t\t\t<h1 class=\"elementor-heading-title elementor-size-default\">Whistleblowing<\/h1>\t\t\t\t<\/div>\n\t\t\t\t<\/div>\n\t\t\t\t<div class=\"elementor-element elementor-element-598002de elementor-widget elementor-widget-text-editor\" data-id=\"598002de\" data-element_type=\"widget\" data-e-type=\"widget\" data-widget_type=\"text-editor.default\">\n\t\t\t\t<div class=\"elementor-widget-container\">\n\t\t\t\t\t\t\t\t\t<p>Alientech Srl ha istituito i seguenti canali di segnalazione interni (definiti \u201ccanali Whistleblowing\u201d) atti a garantire la corretta trasmissione delle comunicazioni al \u201cGestore delle segnalazioni\u201d:<\/p><ol type=\"A\"><li>comunicazione in forma scritta realizzata attraverso l\u2019impiego dell\u2019applicazione WhatsApp con invio del messaggio scritto ad un numero di cellulare appositamente dedicato al funzionamento della presente procedura [<a href=\"https:\/\/wa.me\/393387671227\" target=\"_blank\" rel=\"noopener\">+39 338-7671227<\/a>] di esclusivo utilizzo da parte del Gestore delle Segnalazioni;<\/li><li>comunicazione in forma scritta realizzata attraverso l\u2019invio di lettera cartacea in busta chiusa spedita dal segnalante al \u201cGestore delle Segnalazioni\u201d al seguente indirizzo: <a href=\"https:\/\/maps.app.goo.gl\/9eDaMcTYTHhxhdF5A\">Via Alessandria, 26 Casale Monferrato (AL)<\/a> (Studio Legale Cappa, alla c.a. dell\u2019Avv. Stefania FUSANO), con l\u2019espressa raccomandazione di apporre sulla parte esterna della busta la dicitura \u201cSEGNALAZIONE WHISTLEBLOWING\u201d.<br>A tale riguardo, come indicato espressamente all\u2019interno delle Linee Guida ANAC approvate con Delibera n.311 del 12\/7\/2023, si indicano di seguito le modalit\u00e0 con cui dovr\u00e0 essere confezionata la comunicazione cartacea:<br>&#8211; la segnalazione dovr\u00e0 essere inserita in due buste chiuse: la prima con i dati identificativi del segnalante unitamente alla fotocopia del documento di riconoscimento; la seconda con la segnalazione, in modo da separare i dati identificativi del segnalante dalla segnalazione. Entrambe dovranno poi essere inserite in una terza busta chiusa che rechi all\u2019esterno, come gi\u00e0 accennato, la dicitura \u201cSEGNALAZIONE WHISTLEBLOWING\u201d al gestore della segnalazione. La segnalazione \u00e8 poi oggetto di protocollazione riservata, anche mediante autonomo registro, da parte del gestore.<br>Vi esortiamo ad utilizzare l\u2019allegato \u201cWhistleblowing \u2013 Segnalazione cartacea delle violazioni\u201d presente nella sezione \u201cALLEGATI\u201d di questa pagina;<\/li><li>comunicazione in forma orale realizzata attraverso inoltro di messaggio vocale tramite utilizzo dell\u2019applicazione WhatsApp con invio della comunicazione ad un numero di cellulare appositamente dedicato al funzionamento della presente procedura [<a href=\"https:\/\/wa.me\/393387671227\" target=\"_blank\" rel=\"noopener\">+39 338-7671227<\/a>] di esclusivo utilizzo da parte del Gestore delle Segnalazioni;<\/li><li>comunicazione in forma orale realizzata di persona nel corso di incontro diretto con il \u201cGestore delle Segnalazioni\u201d (o suo incaricato); la richiesta dell\u2019incontro deve essere inoltrata dal segnalante tramite messaggio scritto o vocale attraverso l\u2019applicativo di cui alle precedenti lett. A e C; l\u2019incontro, laddove concordato in presenza, dovr\u00e0 avvenire in luogo esterno a quello lavorativo e, previo consenso dei partecipanti, sar\u00e0 registrato (audio e\/o video); al termine dell\u2019incontro \u201cin presenza\u201d sar\u00e0 sottoscritto dai partecipanti un verbale attestante lo svolgimento del medesimo ed i temi trattati; l\u2019incontro potr\u00e0 altres\u00ec essere eventualmente celebrato \u201ca distanza\u201d tramite video-call da effettuarsi su piattaforma web a scelta del Gestore, il cui contenuto sar\u00e0 registrato previo consenso dei partecipanti.<\/li><\/ol>\t\t\t\t\t\t\t\t<\/div>\n\t\t\t\t<\/div>\n\t\t\t\t<div class=\"elementor-element elementor-element-9fdd125 elementor-widget elementor-widget-heading\" data-id=\"9fdd125\" data-element_type=\"widget\" data-e-type=\"widget\" data-widget_type=\"heading.default\">\n\t\t\t\t<div class=\"elementor-widget-container\">\n\t\t\t\t\t<h2 class=\"elementor-heading-title elementor-size-large\">Allegati<\/h2>\t\t\t\t<\/div>\n\t\t\t\t<\/div>\n\t\t\t\t<div class=\"elementor-element elementor-element-2708668 elementor-widget elementor-widget-text-editor\" data-id=\"2708668\" data-element_type=\"widget\" data-e-type=\"widget\" data-widget_type=\"text-editor.default\">\n\t\t\t\t<div class=\"elementor-widget-container\">\n\t\t\t\t\t\t\t\t\t<ul><li><a href=\"https:\/\/www.alientech-tools.com\/docs\/legals\/whistleblowing-segnalazione-cartacea-delle-violazioni.pdf\" target=\"_blank\" rel=\"noopener\">Whistleblowing \u2013 Segnalazione cartacea delle violazioni<\/a><\/li><\/ul><p> <\/p>\t\t\t\t\t\t\t\t<\/div>\n\t\t\t\t<\/div>\n\t\t\t\t\t<\/div>\n\t\t<\/div>\n\t\t\t\t\t<\/div>\n\t\t<\/article>\n\t\t\t\t<\/div>\n\t\t","protected":false},"excerpt":{"rendered":"<p>Questo documento illustra come Alientech mette a disposizioni i propri Canali Whistleblowing.<\/p>\n","protected":false},"author":17,"featured_media":97833,"parent":0,"menu_order":0,"comment_status":"closed","ping_status":"closed","template":"","meta":{"_acf_changed":false,"content-type":"","footnotes":""},"class_list":["post-101722","page","type-page","status-publish","has-post-thumbnail","hentry"],"acf":[],"_links":{"self":[{"href":"https:\/\/www.alientech-tools.com\/it\/wp-json\/wp\/v2\/pages\/101722","targetHints":{"allow":["GET"]}}],"collection":[{"href":"https:\/\/www.alientech-tools.com\/it\/wp-json\/wp\/v2\/pages"}],"about":[{"href":"https:\/\/www.alientech-tools.com\/it\/wp-json\/wp\/v2\/types\/page"}],"author":[{"embeddable":true,"href":"https:\/\/www.alientech-tools.com\/it\/wp-json\/wp\/v2\/users\/17"}],"replies":[{"embeddable":true,"href":"https:\/\/www.alientech-tools.com\/it\/wp-json\/wp\/v2\/comments?post=101722"}],"version-history":[{"count":0,"href":"https:\/\/www.alientech-tools.com\/it\/wp-json\/wp\/v2\/pages\/101722\/revisions"}],"wp:featuredmedia":[{"embeddable":true,"href":"https:\/\/www.alientech-tools.com\/it\/wp-json\/wp\/v2\/media\/97833"}],"wp:attachment":[{"href":"https:\/\/www.alientech-tools.com\/it\/wp-json\/wp\/v2\/media?parent=101722"}],"curies":[{"name":"wp","href":"https:\/\/api.w.org\/{rel}","templated":true}]}}