{"id":187874,"date":"2025-01-13T10:11:18","date_gmt":"2025-01-13T10:11:18","guid":{"rendered":"https:\/\/www.alientech-tools.com\/kess3\/kess3-versionshinweise\/"},"modified":"2025-03-27T10:45:46","modified_gmt":"2025-03-27T10:45:46","slug":"release-note","status":"publish","type":"page","link":"https:\/\/www.alientech-tools.com\/de\/kess3\/release-note\/","title":{"rendered":"KESS3 Versionshinweise"},"content":{"rendered":"\t\t<div data-elementor-type=\"wp-page\" data-elementor-id=\"187874\" class=\"elementor elementor-187874 elementor-184651\" data-elementor-post-type=\"page\">\n\t\t\t\t\t\t<section data-particle_enable=\"false\" data-particle-mobile-disabled=\"false\" class=\"elementor-section elementor-top-section elementor-element elementor-element-2b13ecf elementor-section-boxed elementor-section-height-default elementor-section-height-default\" data-id=\"2b13ecf\" data-element_type=\"section\" data-e-type=\"section\">\n\t\t\t\t\t\t<div class=\"elementor-container elementor-column-gap-default\">\n\t\t\t\t\t<div class=\"elementor-column elementor-col-100 elementor-top-column elementor-element elementor-element-2c1ec64\" data-id=\"2c1ec64\" data-element_type=\"column\" data-e-type=\"column\">\n\t\t\t<div class=\"elementor-widget-wrap elementor-element-populated\">\n\t\t\t\t\t\t<div class=\"elementor-element elementor-element-ad08197 elementor-widget-divider--view-line elementor-widget elementor-widget-divider\" data-id=\"ad08197\" data-element_type=\"widget\" data-e-type=\"widget\" data-widget_type=\"divider.default\">\n\t\t\t\t<div class=\"elementor-widget-container\">\n\t\t\t\t\t\t\t<div class=\"elementor-divider\">\n\t\t\t<span class=\"elementor-divider-separator\">\n\t\t\t\t\t\t<\/span>\n\t\t<\/div>\n\t\t\t\t\t\t<\/div>\n\t\t\t\t<\/div>\n\t\t\t\t<div class=\"elementor-element elementor-element-478eb29 elementor-widget elementor-widget-heading\" data-id=\"478eb29\" data-element_type=\"widget\" data-e-type=\"widget\" data-widget_type=\"heading.default\">\n\t\t\t\t<div class=\"elementor-widget-container\">\n\t\t\t\t\t<h1 class=\"elementor-heading-title elementor-size-default\">Alientech Suite Versionshinweise<\/h1>\t\t\t\t<\/div>\n\t\t\t\t<\/div>\n\t\t\t\t<div class=\"elementor-element elementor-element-922386f elementor-widget elementor-widget-text-editor\" data-id=\"922386f\" data-element_type=\"widget\" data-e-type=\"widget\" data-widget_type=\"text-editor.default\">\n\t\t\t\t<div class=\"elementor-widget-container\">\n\t\t\t\t\t\t\t\t\t<p>Die neuesten Updates sind jetzt auf Ihrem KESS3 verf\u00fcgbar.<\/p>\n\t\t\t\t\t\t\t\t<\/div>\n\t\t\t\t<\/div>\n\t\t\t\t<div class=\"elementor-element elementor-element-821786a elementor-align-center elementor-widget elementor-widget-button\" data-id=\"821786a\" data-element_type=\"widget\" data-e-type=\"widget\" data-widget_type=\"button.default\">\n\t\t\t\t<div class=\"elementor-widget-container\">\n\t\t\t\t\t\t\t\t\t<div class=\"elementor-button-wrapper\">\n\t\t\t\t\t<a class=\"elementor-button elementor-button-link elementor-size-sm\" href=\"https:\/\/www.alientech-tools.com\/de\/download\/\">\n\t\t\t\t\t\t<span class=\"elementor-button-content-wrapper\">\n\t\t\t\t\t\t<span class=\"elementor-button-icon\">\n\t\t\t\t<i aria-hidden=\"true\" class=\"fas fa-download\"><\/i>\t\t\t<\/span>\n\t\t\t\t\t\t\t\t\t<span class=\"elementor-button-text\">Download Alientech Suite<\/span>\n\t\t\t\t\t<\/span>\n\t\t\t\t\t<\/a>\n\t\t\t\t<\/div>\n\t\t\t\t\t\t\t\t<\/div>\n\t\t\t\t<\/div>\n\t\t\t\t<div class=\"elementor-element elementor-element-64466b3 elementor-widget elementor-widget-posts\" data-id=\"64466b3\" data-element_type=\"widget\" data-e-type=\"widget\" data-settings=\"{&quot;full_content_row_gap&quot;:{&quot;unit&quot;:&quot;px&quot;,&quot;size&quot;:35,&quot;sizes&quot;:[]}}\" data-widget_type=\"posts.full_content\">\n\t\t\t\t<div class=\"elementor-widget-container\">\n\t\t\t\t\t\t\t<div class=\"elementor-posts-container elementor-posts elementor-posts--skin-full_content elementor-grid\" role=\"list\">\n\t\t\t\t<article class=\"elementor-post elementor-grid-item post-353566 release-notes type-release-notes status-publish format-standard hentry release-note-category-datalogger\" role=\"listitem\">\n\t\t\t\t<div class=\"elementor-post__text\">\n\t\t<div class=\"elementor-post__content\"><style>.elementor-353566 .elementor-element.elementor-element-d530f01{margin-top:0px;margin-bottom:0px;padding:0px 0px 32px 0px;}.elementor-353566 .elementor-element.elementor-element-1de279c.elementor-column > .elementor-widget-wrap{justify-content:center;}.elementor-353566 .elementor-element.elementor-element-1de279c > .elementor-element-populated{margin:0px 0px 0px 0px;--e-column-margin-right:0px;--e-column-margin-left:0px;padding:0px 0px 0px 0px;}.elementor-353566 .elementor-element.elementor-element-5126874{--divider-border-style:solid;--divider-color:#FFEE00;--divider-border-width:6px;}.elementor-353566 .elementor-element.elementor-element-5126874 .elementor-divider-separator{width:100px;margin:0 auto;margin-center:0;}.elementor-353566 .elementor-element.elementor-element-5126874 .elementor-divider{text-align:center;padding-block-start:10px;padding-block-end:10px;}.elementor-353566 .elementor-element.elementor-element-10c596a{text-align:center;font-size:1.2rem;font-weight:900;text-transform:uppercase;font-style:italic;line-height:1rem;letter-spacing:1px;word-spacing:0px;color:var( --e-global-color-text );width:auto;max-width:auto;align-self:flex-start;}.elementor-353566 .elementor-element.elementor-element-10c596a p{margin-block-end:0px;}.elementor-353566 .elementor-element.elementor-element-10c596a > .elementor-widget-container{margin:0px 0px 0px 0px;padding:4px 6px 4px 6px;}.elementor-353566 .elementor-element.elementor-element-8c978b4{text-align:center;}.elementor-353566 .elementor-element.elementor-element-8c978b4 .elementor-heading-title{font-size:2.5rem;font-weight:900;text-transform:uppercase;}.elementor-353566 .elementor-element.elementor-element-8c978b4 > .elementor-widget-container{margin:0px 0px 0px 0px;padding:0px 0px 8px 0px;}.elementor-353566 .elementor-element.elementor-element-8f3c1d2{border-style:solid;border-width:1px 1px 0px 1px;border-color:var( --e-global-color-primary );}.elementor-353566 .elementor-element.elementor-element-8f3c1d2, .elementor-353566 .elementor-element.elementor-element-8f3c1d2 > .elementor-background-overlay{border-radius:0px 0px 0px 0px;}.elementor-353566 .elementor-element.elementor-element-b3539bd > .elementor-element-populated{margin:0px 0px 0px 0px;--e-column-margin-right:0px;--e-column-margin-left:0px;padding:0px 0px 0px 0px;}.elementor-353566 .elementor-element.elementor-element-e9fc091{border-style:solid;border-width:0px 0px 1px 0px;border-color:#000000;margin-top:0rem;margin-bottom:0rem;padding:0rem 0rem 0rem 0rem;}.elementor-353566 .elementor-element.elementor-element-e9fc091, .elementor-353566 .elementor-element.elementor-element-e9fc091 > .elementor-background-overlay{border-radius:0px 0px 0px 0px;}.elementor-353566 .elementor-element.elementor-element-6081bf4 > .elementor-element-populated{border-style:solid;border-width:0px 1px 0px 0px;border-color:#000000;margin:0px 0px 0px 0px;--e-column-margin-right:0px;--e-column-margin-left:0px;padding:16px 16px 16px 16px;}.elementor-353566 .elementor-element.elementor-element-6081bf4 > .elementor-element-populated, .elementor-353566 .elementor-element.elementor-element-6081bf4 > .elementor-element-populated > .elementor-background-overlay, .elementor-353566 .elementor-element.elementor-element-6081bf4 > .elementor-background-slideshow{border-radius:0px 0px 0px 0px;}.elementor-353566 .elementor-element.elementor-element-e009dae{text-align:center;}.elementor-353566 .elementor-element.elementor-element-e009dae > .elementor-widget-container{margin:0px 0px 0px 0px;padding:0px 0px 0px 0px;}.elementor-353566 .elementor-element.elementor-element-7792109{text-align:center;font-size:18px;font-weight:500;line-height:1.4em;letter-spacing:0px;color:#1D1D1F;}.elementor-353566 .elementor-element.elementor-element-7792109 > .elementor-widget-container{margin:0% 0% 0% 0%;padding:0% 0% 0% 0%;}.elementor-353566 .elementor-element.elementor-element-6e1b91b{--divider-border-style:solid;--divider-color:#FFF000;--divider-border-width:6px;}.elementor-353566 .elementor-element.elementor-element-6e1b91b .elementor-divider-separator{width:100%;margin:0 auto;margin-center:0;}.elementor-353566 .elementor-element.elementor-element-6e1b91b .elementor-divider{text-align:center;padding-block-start:10px;padding-block-end:10px;}.elementor-353566 .elementor-element.elementor-element-5fbb414{font-size:18px;font-weight:500;line-height:1.4em;letter-spacing:0px;color:#1D1D1F;}.elementor-353566 .elementor-element.elementor-element-5fbb414 > .elementor-widget-container{margin:0% 0% 0% 0%;padding:0px 0px 0px 0px;}.elementor-353566 .elementor-element.elementor-element-bc9c25a, .elementor-353566 .elementor-element.elementor-element-bc9c25a > .elementor-background-overlay{border-radius:0px 0px 0px 0px;}.elementor-353566 .elementor-element.elementor-element-bc9c25a{padding:0% 0% 0% 0%;}.elementor-353566 .elementor-element.elementor-element-16a0b3e > .elementor-widget-wrap > .elementor-widget:not(.elementor-widget__width-auto):not(.elementor-widget__width-initial):not(:last-child):not(.elementor-absolute){margin-block-end:0px;}.elementor-353566 .elementor-element.elementor-element-16a0b3e > .elementor-element-populated{border-style:solid;border-width:1px 1px 0px 1px;margin:0px 0px 0px 0px;--e-column-margin-right:0px;--e-column-margin-left:0px;padding:0px 0px 0px 0px;}.elementor-353566 .elementor-element.elementor-element-bcb9936{border-style:solid;border-width:0px 0px 1px 0px;border-color:#000000;transition:background 0.3s, border 0.3s, border-radius 0.3s, box-shadow 0.3s;}.elementor-353566 .elementor-element.elementor-element-bcb9936, .elementor-353566 .elementor-element.elementor-element-bcb9936 > .elementor-background-overlay{border-radius:0px 0px 0px 0px;}.elementor-353566 .elementor-element.elementor-element-bcb9936 > .elementor-background-overlay{transition:background 0.3s, border-radius 0.3s, opacity 0.3s;}.elementor-bc-flex-widget .elementor-353566 .elementor-element.elementor-element-d98e8c7.elementor-column .elementor-widget-wrap{align-items:center;}.elementor-353566 .elementor-element.elementor-element-d98e8c7.elementor-column.elementor-element[data-element_type=\"column\"] > .elementor-widget-wrap.elementor-element-populated{align-content:center;align-items:center;}.elementor-353566 .elementor-element.elementor-element-d98e8c7 > .elementor-element-populated{border-style:none;margin:0px 0px 0px 0px;--e-column-margin-right:0px;--e-column-margin-left:0px;padding:0px 0px 0px 0px;}.elementor-353566 .elementor-element.elementor-element-7ce8b83{font-size:18px;font-weight:500;line-height:1.4em;letter-spacing:0px;color:#1D1D1F;}.elementor-353566 .elementor-element.elementor-element-7ce8b83 > .elementor-widget-container{margin:0% 0% 0% 0%;padding:0px 0px 0px 0px;}.elementor-bc-flex-widget .elementor-353566 .elementor-element.elementor-element-2d5eab1.elementor-column .elementor-widget-wrap{align-items:center;}.elementor-353566 .elementor-element.elementor-element-2d5eab1.elementor-column.elementor-element[data-element_type=\"column\"] > .elementor-widget-wrap.elementor-element-populated{align-content:center;align-items:center;}.elementor-353566 .elementor-element.elementor-element-2d5eab1 > .elementor-element-populated{margin:0px 0px 0px 0px;--e-column-margin-right:0px;--e-column-margin-left:0px;padding:0px 0px 0px 0px;}.elementor-353566 .elementor-element.elementor-element-681bbfa{text-align:center;}.elementor-353566 .elementor-element.elementor-element-681bbfa > .elementor-widget-container{margin:0px 0px 0px 0px;padding:0px 0px 0px 0px;}.elementor-bc-flex-widget .elementor-353566 .elementor-element.elementor-element-3e69368.elementor-column .elementor-widget-wrap{align-items:center;}.elementor-353566 .elementor-element.elementor-element-3e69368.elementor-column.elementor-element[data-element_type=\"column\"] > .elementor-widget-wrap.elementor-element-populated{align-content:center;align-items:center;}.elementor-353566 .elementor-element.elementor-element-3e69368 > .elementor-element-populated{margin:0px 0px 0px 0px;--e-column-margin-right:0px;--e-column-margin-left:0px;padding:0px 0px 0px 0px;}.elementor-353566 .elementor-element.elementor-element-51e2ec7{text-align:center;font-size:18px;font-weight:500;line-height:1.4em;letter-spacing:0px;color:#1D1D1F;}.elementor-353566 .elementor-element.elementor-element-51e2ec7 > .elementor-widget-container{margin:0% 0% 0% 0%;padding:2% 0% 2% 0%;}@media(max-width:1400px){.elementor-353566 .elementor-element.elementor-element-10c596a > .elementor-widget-container{margin:0px 0px 0px 0px;}.elementor-353566 .elementor-element.elementor-element-10c596a{align-self:flex-start;}.elementor-353566 .elementor-element.elementor-element-7792109{font-size:17px;line-height:1.45em;}.elementor-353566 .elementor-element.elementor-element-5fbb414{font-size:17px;line-height:1.45em;}.elementor-353566 .elementor-element.elementor-element-bc9c25a{margin-top:0%;margin-bottom:0%;padding:0% 5% 3% 5%;}.elementor-353566 .elementor-element.elementor-element-7ce8b83{font-size:17px;line-height:1.45em;}.elementor-353566 .elementor-element.elementor-element-51e2ec7{font-size:17px;line-height:1.45em;}}@media(max-width:844px){.elementor-353566 .elementor-element.elementor-element-6081bf4 > .elementor-element-populated{border-width:0px 0px 1px 0px;}.elementor-353566 .elementor-element.elementor-element-6081bf4 > .elementor-element-populated, .elementor-353566 .elementor-element.elementor-element-6081bf4 > .elementor-element-populated > .elementor-background-overlay, .elementor-353566 .elementor-element.elementor-element-6081bf4 > .elementor-background-slideshow{border-radius:0px 0px 0px 0px;}.elementor-353566 .elementor-element.elementor-element-7792109{text-align:center;font-size:16px;line-height:1.4em;}.elementor-353566 .elementor-element.elementor-element-7792109 > .elementor-widget-container{margin:0% 0% 0% 0%;padding:0% 0% 0% 0%;}.elementor-353566 .elementor-element.elementor-element-6e1b91b .elementor-divider-separator{width:100%;}.elementor-353566 .elementor-element.elementor-element-5fbb414{text-align:center;font-size:16px;line-height:1.4em;}.elementor-353566 .elementor-element.elementor-element-5fbb414 > .elementor-widget-container{margin:0% 0% 0% 0%;padding:0% 0% 0% 0%;}.elementor-353566 .elementor-element.elementor-element-bc9c25a{margin-top:0px;margin-bottom:0px;padding:0px 16px 0px 16px;}.elementor-353566 .elementor-element.elementor-element-16a0b3e > .elementor-element-populated{border-width:1px 1px 0px 1px;padding:0% 0% 0% 0%;}.elementor-353566 .elementor-element.elementor-element-bcb9936:not(.elementor-motion-effects-element-type-background), .elementor-353566 .elementor-element.elementor-element-bcb9936 > .elementor-motion-effects-container > .elementor-motion-effects-layer{background-repeat:no-repeat;background-size:contain;}.elementor-353566 .elementor-element.elementor-element-bcb9936{border-width:0px 0px 1px 0px;margin-top:0%;margin-bottom:0%;padding:5% 5% 5% 5%;}.elementor-353566 .elementor-element.elementor-element-bcb9936, .elementor-353566 .elementor-element.elementor-element-bcb9936 > .elementor-background-overlay{border-radius:0px 0px 0px 0px;}.elementor-353566 .elementor-element.elementor-element-7ce8b83{text-align:center;font-size:16px;line-height:1.4em;}.elementor-353566 .elementor-element.elementor-element-7ce8b83 > .elementor-widget-container{margin:0% 0% 0% 0%;padding:0% 0% 0% 0%;}.elementor-353566 .elementor-element.elementor-element-51e2ec7{text-align:center;font-size:16px;line-height:1.4em;}.elementor-353566 .elementor-element.elementor-element-51e2ec7 > .elementor-widget-container{margin:0% 0% 0% 0%;padding:0% 0% 0% 0%;}}\/* Start custom CSS for text-editor, class: .elementor-element-10c596a *\/.elementor-353566 .elementor-element.elementor-element-10c596a {\n    background-color: #ffe000;\n    border-radius: 8px;\n}\/* End custom CSS *\/\n\/* Start custom CSS for section, class: .elementor-element-bc9c25a *\/.elementor-353566 .elementor-element.elementor-element-bc9c25a p {\n    margin-bottom: 0;\n}\/* End custom CSS *\/<\/style>\t\t<div data-elementor-type=\"wp-post\" data-elementor-id=\"353566\" class=\"elementor elementor-353566\" data-elementor-post-type=\"release-notes\">\n\t\t\t\t\t\t<section data-particle_enable=\"false\" data-particle-mobile-disabled=\"false\" class=\"elementor-section elementor-top-section elementor-element elementor-element-d530f01 elementor-section-boxed elementor-section-height-default elementor-section-height-default\" data-id=\"d530f01\" data-element_type=\"section\" data-e-type=\"section\">\n\t\t\t\t\t\t<div class=\"elementor-container elementor-column-gap-default\">\n\t\t\t\t\t<div class=\"elementor-column elementor-col-100 elementor-top-column elementor-element elementor-element-1de279c\" data-id=\"1de279c\" data-element_type=\"column\" data-e-type=\"column\">\n\t\t\t<div class=\"elementor-widget-wrap elementor-element-populated\">\n\t\t\t\t\t\t<div class=\"elementor-element elementor-element-10c596a elementor-widget__width-auto elementor-widget elementor-widget-text-editor\" data-id=\"10c596a\" data-element_type=\"widget\" data-e-type=\"widget\" data-widget_type=\"text-editor.default\">\n\t\t\t\t<div class=\"elementor-widget-container\">\n\t\t\t\t\t\t\t\t\t<p>NEW!<\/p>\t\t\t\t\t\t\t\t<\/div>\n\t\t\t\t<\/div>\n\t\t\t\t<div class=\"elementor-element elementor-element-8c978b4 elementor-widget elementor-widget-heading\" data-id=\"8c978b4\" data-element_type=\"widget\" data-e-type=\"widget\" data-widget_type=\"heading.default\">\n\t\t\t\t<div class=\"elementor-widget-container\">\n\t\t\t\t\t<h1 class=\"elementor-heading-title elementor-size-default\">2026-04-03 DataLogger 1.00 Release Notes<\/h1>\t\t\t\t<\/div>\n\t\t\t\t<\/div>\n\t\t\t\t<section data-particle_enable=\"false\" data-particle-mobile-disabled=\"false\" class=\"elementor-section elementor-inner-section elementor-element elementor-element-8f3c1d2 elementor-section-boxed elementor-section-height-default elementor-section-height-default\" data-id=\"8f3c1d2\" data-element_type=\"section\" data-e-type=\"section\">\n\t\t\t\t\t\t<div class=\"elementor-container elementor-column-gap-default\">\n\t\t\t\t\t<div class=\"elementor-column elementor-col-100 elementor-inner-column elementor-element elementor-element-b3539bd\" data-id=\"b3539bd\" data-element_type=\"column\" data-e-type=\"column\">\n\t\t\t<div class=\"elementor-widget-wrap elementor-element-populated\">\n\t\t\t\t\t\t<section data-particle_enable=\"false\" data-particle-mobile-disabled=\"false\" class=\"elementor-section elementor-inner-section elementor-element elementor-element-e9fc091 elementor-section-full_width elementor-section-height-default elementor-section-height-default\" data-id=\"e9fc091\" data-element_type=\"section\" data-e-type=\"section\">\n\t\t\t\t\t\t<div class=\"elementor-container elementor-column-gap-default\">\n\t\t\t\t\t<div class=\"elementor-column elementor-col-100 elementor-inner-column elementor-element elementor-element-6081bf4\" data-id=\"6081bf4\" data-element_type=\"column\" data-e-type=\"column\">\n\t\t\t<div class=\"elementor-widget-wrap elementor-element-populated\">\n\t\t\t\t\t\t<div class=\"elementor-element elementor-element-e009dae elementor-widget elementor-widget-image\" data-id=\"e009dae\" data-element_type=\"widget\" data-e-type=\"widget\" data-widget_type=\"image.default\">\n\t\t\t\t<div class=\"elementor-widget-container\">\n\t\t\t\t\t\t\t\t\t\t\t\t\t\t\t<img decoding=\"async\" src=\"https:\/\/www.alientech-tools.com\/wp-content\/uploads\/elementor\/thumbs\/DATALOGGER-demo-rkxoij6dz5e9qqx4es3v32ap8k3ezteqhry9ad4kfe.png\" title=\"DATALOGGER-demo\" alt=\"DATALOGGER-demo\" loading=\"lazy\" \/>\t\t\t\t\t\t\t\t\t\t\t\t\t\t\t<\/div>\n\t\t\t\t<\/div>\n\t\t\t\t<div class=\"elementor-element elementor-element-7792109 elementor-widget elementor-widget-text-editor\" data-id=\"7792109\" data-element_type=\"widget\" data-e-type=\"widget\" data-widget_type=\"text-editor.default\">\n\t\t\t\t<div class=\"elementor-widget-container\">\n\t\t\t\t\t\t\t\t\t<p style=\"text-align: center; margin: 0;\">Features &#8211; DataLogger<\/p>\t\t\t\t\t\t\t\t<\/div>\n\t\t\t\t<\/div>\n\t\t\t\t<div class=\"elementor-element elementor-element-6e1b91b elementor-widget-divider--view-line elementor-widget elementor-widget-divider\" data-id=\"6e1b91b\" data-element_type=\"widget\" data-e-type=\"widget\" data-widget_type=\"divider.default\">\n\t\t\t\t<div class=\"elementor-widget-container\">\n\t\t\t\t\t\t\t<div class=\"elementor-divider\">\n\t\t\t<span class=\"elementor-divider-separator\">\n\t\t\t\t\t\t<\/span>\n\t\t<\/div>\n\t\t\t\t\t\t<\/div>\n\t\t\t\t<\/div>\n\t\t\t\t<div class=\"elementor-element elementor-element-5fbb414 elementor-widget elementor-widget-text-editor\" data-id=\"5fbb414\" data-element_type=\"widget\" data-e-type=\"widget\" data-widget_type=\"text-editor.default\">\n\t\t\t\t<div class=\"elementor-widget-container\">\n\t\t\t\t\t\t\t\t\t<p style=\"text-align: center;\">BMW Group (Alpina, BMW, Mini, Toyota):<br \/>Bosch MG1CS201, MG1CS003, EDC17C50, EDC17C41, EDC17C56, EDC17C76, EDC17CP09, EDC17CP45, EDC17CP49, MD1CS001, MD1CP002, MEVD17.2.x.<br \/>Continental MSD87, MSV90.<\/p>\t\t\t\t\t\t\t\t<\/div>\n\t\t\t\t<\/div>\n\t\t\t\t\t<\/div>\n\t\t<\/div>\n\t\t\t\t\t<\/div>\n\t\t<\/section>\n\t\t\t\t\t<\/div>\n\t\t<\/div>\n\t\t\t\t\t<\/div>\n\t\t<\/section>\n\t\t\t\t\t<\/div>\n\t\t<\/div>\n\t\t\t\t\t<\/div>\n\t\t<\/section>\n\t\t\t\t<\/div>\n\t\t<\/div>\t\t<\/div>\n\t\t\t\t<\/article>\n\t\t\t\t<\/div>\n\t\t\n\t\t\t\t\t\t<\/div>\n\t\t\t\t<\/div>\n\t\t\t\t<div class=\"elementor-element elementor-element-01d61bb elementor-align-center elementor-widget elementor-widget-button\" data-id=\"01d61bb\" data-element_type=\"widget\" data-e-type=\"widget\" data-widget_type=\"button.default\">\n\t\t\t\t<div class=\"elementor-widget-container\">\n\t\t\t\t\t\t\t\t\t<div class=\"elementor-button-wrapper\">\n\t\t\t\t\t<a class=\"elementor-button elementor-button-link elementor-size-sm\" href=\"https:\/\/www.alientech-tools.com\/release-notes\">\n\t\t\t\t\t\t<span class=\"elementor-button-content-wrapper\">\n\t\t\t\t\t\t<span class=\"elementor-button-icon\">\n\t\t\t\t<i aria-hidden=\"true\" class=\"fas fa-angle-double-right\"><\/i>\t\t\t<\/span>\n\t\t\t\t\t\t\t\t\t<span class=\"elementor-button-text\">Fr\u00fchere Updates pr\u00fcfen<\/span>\n\t\t\t\t\t<\/span>\n\t\t\t\t\t<\/a>\n\t\t\t\t<\/div>\n\t\t\t\t\t\t\t\t<\/div>\n\t\t\t\t<\/div>\n\t\t\t\t\t<\/div>\n\t\t<\/div>\n\t\t\t\t\t<\/div>\n\t\t<\/section>\n\t\t\t\t<aside data-particle_enable=\"false\" data-particle-mobile-disabled=\"false\" class=\"elementor-section elementor-top-section elementor-element elementor-element-279de872 elementor-section-full_width elementor-section-height-default elementor-section-height-default\" data-id=\"279de872\" data-element_type=\"section\" data-e-type=\"section\" data-settings=\"{&quot;background_background&quot;:&quot;classic&quot;}\">\n\t\t\t\t\t\t<div class=\"elementor-container elementor-column-gap-default\">\n\t\t\t\t\t<div class=\"elementor-column elementor-col-50 elementor-top-column elementor-element elementor-element-3d39e0a8\" data-id=\"3d39e0a8\" data-element_type=\"column\" data-e-type=\"column\">\n\t\t\t<div class=\"elementor-widget-wrap elementor-element-populated\">\n\t\t\t\t\t\t<div class=\"elementor-element elementor-element-7a178670 elementor-widget elementor-widget-heading\" data-id=\"7a178670\" data-element_type=\"widget\" data-e-type=\"widget\" data-widget_type=\"heading.default\">\n\t\t\t\t<div class=\"elementor-widget-container\">\n\t\t\t\t\t<p class=\"elementor-heading-title elementor-size-default\">Abonniere unseren Newsletter<\/p>\t\t\t\t<\/div>\n\t\t\t\t<\/div>\n\t\t\t\t<div class=\"elementor-element elementor-element-4dd7425c elementor-widget elementor-widget-text-editor\" data-id=\"4dd7425c\" data-element_type=\"widget\" data-e-type=\"widget\" data-widget_type=\"text-editor.default\">\n\t\t\t\t<div class=\"elementor-widget-container\">\n\t\t\t\t\t\t\t\t\t<p>Durch die Registrierung bleiben Sie \u00fcber die Ver\u00f6ffentlichung neuer Kurse, unseren Aktionskalender und vieles mehr auf dem Laufenden.<\/p>\n\t\t\t\t\t\t\t\t<\/div>\n\t\t\t\t<\/div>\n\t\t\t\t\t<\/div>\n\t\t<\/div>\n\t\t\t\t<div class=\"elementor-column elementor-col-50 elementor-top-column elementor-element elementor-element-65ec3720\" data-id=\"65ec3720\" data-element_type=\"column\" data-e-type=\"column\">\n\t\t\t<div class=\"elementor-widget-wrap elementor-element-populated\">\n\t\t\t\t\t\t<div class=\"elementor-element elementor-element-3ecff166 elementor-widget elementor-widget-hubspot-form\" data-id=\"3ecff166\" data-element_type=\"widget\" data-e-type=\"widget\" data-widget_type=\"hubspot-form.default\">\n\t\t\t\t<div class=\"elementor-widget-container\">\n\t\t\t\t\t\n\t\t\t\t\t\t<script>\n\t\t\t\t\t\t\twindow.hsFormsOnReady = window.hsFormsOnReady || [];\n\t\t\t\t\t\t\twindow.hsFormsOnReady.push(()=>{\n\t\t\t\t\t\t\t\thbspt.forms.create({\n\t\t\t\t\t\t\t\t\tportalId: 24886825,\n\t\t\t\t\t\t\t\t\tformId: \"4dfcd106-5fdb-4bf5-b4e7-f2396dc2ddc2\",\n\t\t\t\t\t\t\t\t\ttarget: \"#hbspt-form-1775436073000-0847819456\",\n\t\t\t\t\t\t\t\t\tregion: \"eu1\",\n\t\t\t\t\t\t\t\t\t\n\t\t\t\t\t\t\t})});\n\t\t\t\t\t\t<\/script>\n\t\t\t\t\t\t<div class=\"hbspt-form\" id=\"hbspt-form-1775436073000-0847819456\"><\/div>\t\t\t\t<\/div>\n\t\t\t\t<\/div>\n\t\t\t\t\t<\/div>\n\t\t<\/div>\n\t\t\t\t\t<\/div>\n\t\t<\/aside>\n\t\t\t\t<\/div>\n\t\t","protected":false},"excerpt":{"rendered":"<p>Alientech Suite Versionshinweise Die neuesten Updates sind jetzt auf Ihrem KESS3 verf\u00fcgbar. Download Alientech Suite Fr\u00fchere Updates pr\u00fcfen Abonniere unseren Newsletter Durch die Registrierung bleiben Sie \u00fcber die Ver\u00f6ffentlichung neuer Kurse, unseren Aktionskalender und vieles mehr auf dem Laufenden.<\/p>\n","protected":false},"author":17,"featured_media":0,"parent":50856,"menu_order":0,"comment_status":"closed","ping_status":"closed","template":"","meta":{"_acf_changed":false,"content-type":"","footnotes":""},"class_list":["post-187874","page","type-page","status-publish","hentry"],"acf":[],"_links":{"self":[{"href":"https:\/\/www.alientech-tools.com\/de\/wp-json\/wp\/v2\/pages\/187874","targetHints":{"allow":["GET"]}}],"collection":[{"href":"https:\/\/www.alientech-tools.com\/de\/wp-json\/wp\/v2\/pages"}],"about":[{"href":"https:\/\/www.alientech-tools.com\/de\/wp-json\/wp\/v2\/types\/page"}],"author":[{"embeddable":true,"href":"https:\/\/www.alientech-tools.com\/de\/wp-json\/wp\/v2\/users\/17"}],"replies":[{"embeddable":true,"href":"https:\/\/www.alientech-tools.com\/de\/wp-json\/wp\/v2\/comments?post=187874"}],"version-history":[{"count":0,"href":"https:\/\/www.alientech-tools.com\/de\/wp-json\/wp\/v2\/pages\/187874\/revisions"}],"up":[{"embeddable":true,"href":"https:\/\/www.alientech-tools.com\/de\/wp-json\/wp\/v2\/pages\/50856"}],"wp:attachment":[{"href":"https:\/\/www.alientech-tools.com\/de\/wp-json\/wp\/v2\/media?parent=187874"}],"curies":[{"name":"wp","href":"https:\/\/api.w.org\/{rel}","templated":true}]}}