{"id":16643,"date":"2020-10-13T12:52:51","date_gmt":"2020-10-13T12:52:51","guid":{"rendered":"https:\/\/devel-www.alientech-tools.com\/?page_id=16643"},"modified":"2023-06-09T15:08:56","modified_gmt":"2023-06-09T15:08:56","slug":"dealers","status":"publish","type":"page","link":"https:\/\/www.alientech-tools.com\/de\/dealers\/","title":{"rendered":"Dealers"},"content":{"rendered":"\t\t<div data-elementor-type=\"wp-page\" data-elementor-id=\"16643\" class=\"elementor elementor-16643 elementor-5890\" data-elementor-post-type=\"page\">\n\t\t\t\t\t\t<section data-particle_enable=\"false\" data-particle-mobile-disabled=\"false\" class=\"elementor-section elementor-top-section elementor-element elementor-element-24ca617 elementor-section-boxed elementor-section-height-default elementor-section-height-default\" data-id=\"24ca617\" data-element_type=\"section\" data-e-type=\"section\" data-settings=\"{&quot;background_background&quot;:&quot;classic&quot;}\">\n\t\t\t\t\t\t<div class=\"elementor-container elementor-column-gap-default\">\n\t\t\t\t\t<div class=\"elementor-column elementor-col-100 elementor-top-column elementor-element elementor-element-a46c428\" data-id=\"a46c428\" data-element_type=\"column\" data-e-type=\"column\">\n\t\t\t<div class=\"elementor-widget-wrap elementor-element-populated\">\n\t\t\t\t\t\t<div class=\"elementor-element elementor-element-4a6afef elementor-widget-divider--view-line elementor-widget elementor-widget-divider\" data-id=\"4a6afef\" data-element_type=\"widget\" data-e-type=\"widget\" data-widget_type=\"divider.default\">\n\t\t\t\t<div class=\"elementor-widget-container\">\n\t\t\t\t\t\t\t<div class=\"elementor-divider\">\n\t\t\t<span class=\"elementor-divider-separator\">\n\t\t\t\t\t\t<\/span>\n\t\t<\/div>\n\t\t\t\t\t\t<\/div>\n\t\t\t\t<\/div>\n\t\t\t\t<div class=\"elementor-element elementor-element-e7b9554 elementor-widget elementor-widget-heading\" data-id=\"e7b9554\" data-element_type=\"widget\" data-e-type=\"widget\" data-widget_type=\"heading.default\">\n\t\t\t\t<div class=\"elementor-widget-container\">\n\t\t\t\t\t<h2 class=\"elementor-heading-title elementor-size-default\">HOHE PR\u00c4SENZ IN IHRER N\u00c4HE <\/h2>\t\t\t\t<\/div>\n\t\t\t\t<\/div>\n\t\t\t\t<div class=\"elementor-element elementor-element-1d02227 elementor-widget elementor-widget-text-editor\" data-id=\"1d02227\" data-element_type=\"widget\" data-e-type=\"widget\" data-widget_type=\"text-editor.default\">\n\t\t\t\t<div class=\"elementor-widget-container\">\n\t\t\t\t\t\t\t\t\tUnsere B\u00fcros im Ausland und unsere H\u00e4ndler, Immer bei Ihnen.\t\t\t\t\t\t\t\t<\/div>\n\t\t\t\t<\/div>\n\t\t\t\t\t<\/div>\n\t\t<\/div>\n\t\t\t\t\t<\/div>\n\t\t<\/section>\n\t\t\t\t<section data-particle_enable=\"false\" data-particle-mobile-disabled=\"false\" class=\"elementor-section elementor-top-section elementor-element elementor-element-f902270 elementor-section-full_width elementor-section-height-default elementor-section-height-default\" data-id=\"f902270\" data-element_type=\"section\" data-e-type=\"section\" data-settings=\"{&quot;background_background&quot;:&quot;classic&quot;}\">\n\t\t\t\t\t\t<div class=\"elementor-container elementor-column-gap-default\">\n\t\t\t\t\t<div class=\"elementor-column elementor-col-50 elementor-top-column elementor-element elementor-element-4259849\" data-id=\"4259849\" data-element_type=\"column\" data-e-type=\"column\" data-settings=\"{&quot;background_background&quot;:&quot;classic&quot;}\">\n\t\t\t<div class=\"elementor-widget-wrap elementor-element-populated\">\n\t\t\t\t\t\t<div class=\"elementor-element elementor-element-c77c15d elementor-widget elementor-widget-text-editor\" data-id=\"c77c15d\" data-element_type=\"widget\" data-e-type=\"widget\" data-widget_type=\"text-editor.default\">\n\t\t\t\t<div class=\"elementor-widget-container\">\n\t\t\t\t\t\t\t\t\t<p>Alientech-H\u00e4ndler sind die einzigen, welche original Alientech-Produkte verkaufen d\u00fcrfen. Ein Netzwerk, dem Sie vertrauen k\u00f6nnen und das Sie bei der Auswahl der richtigen Produkte unterst\u00fctzt. <\/p><p>Fachwissen, technische Vorbereitung und hervorragende Einweisung zeichnen alle unsere H\u00e4ndler aus. Sie sind die einzigen, die Ihnen die Sicherheit, Zuverl\u00e4ssigkeit und Effizienz bieten, wie Sie es auch von Alientech gewohnt sind. W\u00e4hlen Sie den H\u00e4ndler in Ihrer N\u00e4he. <\/p>\t\t\t\t\t\t\t\t<\/div>\n\t\t\t\t<\/div>\n\t\t\t\t\t<\/div>\n\t\t<\/div>\n\t\t\t\t<div class=\"elementor-column elementor-col-50 elementor-top-column elementor-element elementor-element-b85aa82\" data-id=\"b85aa82\" data-element_type=\"column\" data-e-type=\"column\" data-settings=\"{&quot;background_background&quot;:&quot;classic&quot;}\">\n\t\t\t<div class=\"elementor-widget-wrap elementor-element-populated\">\n\t\t\t\t\t\t<div class=\"elementor-element elementor-element-e4e7d38 elementor-widget elementor-widget-text-editor\" data-id=\"e4e7d38\" data-element_type=\"widget\" data-e-type=\"widget\" data-widget_type=\"text-editor.default\">\n\t\t\t\t<div class=\"elementor-widget-container\">\n\t\t\t\t\t\t\t\t\t<p>Wir sind auf der ganzen Welt. Hunderte von Werkst\u00e4tten, in denen Sie unsere Tools finden, Tausende von Kontaktpersonen, um herauszufinden was Alientech f\u00fcr Sie tun kann. Sie k\u00f6nnten der n\u00e4chste sein und ein neuer Alientech-Bezugspunkt in der Welt werden! Kontaktieren Sie uns jetzt, um ein offizieller Alientech-Reseller zu werden. <\/p>\t\t\t\t\t\t\t\t<\/div>\n\t\t\t\t<\/div>\n\t\t\t\t\t<\/div>\n\t\t<\/div>\n\t\t\t\t\t<\/div>\n\t\t<\/section>\n\t\t\t\t<section data-particle_enable=\"false\" data-particle-mobile-disabled=\"false\" class=\"elementor-section elementor-top-section elementor-element elementor-element-f70c0ac elementor-section-boxed elementor-section-height-default elementor-section-height-default\" data-id=\"f70c0ac\" data-element_type=\"section\" data-e-type=\"section\" data-settings=\"{&quot;background_background&quot;:&quot;classic&quot;}\">\n\t\t\t\t\t\t<div class=\"elementor-container elementor-column-gap-default\">\n\t\t\t\t\t<div class=\"elementor-column elementor-col-100 elementor-top-column elementor-element elementor-element-4315269\" data-id=\"4315269\" data-element_type=\"column\" data-e-type=\"column\" data-settings=\"{&quot;background_background&quot;:&quot;classic&quot;}\">\n\t\t\t<div class=\"elementor-widget-wrap elementor-element-populated\">\n\t\t\t\t\t\t<div class=\"elementor-element elementor-element-e031961 elementor-widget elementor-widget-shortcode\" data-id=\"e031961\" data-element_type=\"widget\" data-e-type=\"widget\" data-widget_type=\"shortcode.default\">\n\t\t\t\t<div class=\"elementor-widget-container\">\n\t\t\t\t\t\t\t<div class=\"elementor-shortcode\"><style type=\"text\/css\">\n  body #asl-storelocator.asl-cont.asl-template-0 {--sl-font-size: 12px;--sl-title-size: 16px;--sl-btn-size: 14px;--sl-primary: #ffee00;--sl-header: #ffffff;--sl-header-color: #333333;--sl-infobox-color: #ffee00;--sl-infobox-bg: #FFFFFF;--sl-infobox-a: #ffcc00;--sl-action-btn-color: #333333;--sl-action-btn-bg: #ffee00;--sl-color: #333333;--sl-list-bg: #FFFFFF;--sl-list-title: #333333;--sl-list-sub-title: #6a6a6a;--sl-highlighted: #F7F7F7;}.asl-buttons .zoomhere {display: none !important;}.asl-p-cont .asl-print-btn,.asl-cont .asl-print-btn {display: none !important;}  .asl-cont .onoffswitch .onoffswitch-label .onoffswitch-switch:before {content: \"Offen\" !important;}\n  .asl-cont .onoffswitch .onoffswitch-label .onoffswitch-switch:after {content: \"ALLE\" !important;}\n  @media (max-width: 767px) {\n    #asl-storelocator.asl-cont .asl-panel {order: 0;}\n  }\n  .asl-cont.sl-search-only .Filter_section + .sl-row {display: none;}\n  .asl-cont .sl-hide-branches,\n  .asl-cont .sl-hide-branches:hover {color: #FFF !important; text-decoration: none !important;cursor: pointer;}\n<\/style>\n<div id=\"asl-storelocator\" class=\"storelocator-main asl-cont asl-template-0 asl-layout-0 asl-bg-0 full-width full-height asl-text-1\">\n  <div class=\"asl-wrapper\">\n    <div class=\"sl-container-fluid\">\n             \n      <div class=\"sl-row Filter_section\">\n          <div class=\"pol-lg-4 pol-md-5 pol-sm-12 search_filter\">\n              <p class=\"mb-2\">Verkaufsstelle suchen<\/p>\n              <div class=\"sl-search-group d-flex\">\n                <input type=\"text\" value=\"\" data-submit=\"disable\"  tabindex=\"2\" id=\"auto-complete-search\" placeholder=\"Adresse eingeben\"  class=\"asl-search-address form-control isp_ignore\">\n                <button type=\"button\" class=\"span-geo\"><i class=\"icon-search\" title=\"Verkaufsstelle suchen\"><\/i><\/button>\n              <\/div>\n          <\/div>\n          <div class=\"pol-lg-8 pol-md-7 pol-sm-12\">\n            <div class=\"sl-row\">\n              <div class=\"pol-sm-12 asl-advance-filters hide\">\n                <div class=\"sl-row\">\n                                                      <div class=\"pol-lg-4 pol-md-6 pol-sm-12  asl-ddl-filters\">\n                      <div class=\"asl-filter-cntrl\">\n                        <label class=\"asl-cntrl-lbl\">Kategorien<\/label>\n                        <div class=\"sl-dropdown-cont\" id=\"categories_filter\">\n                        <\/div>\n                      <\/div>\n                  <\/div>\n                                                      <div class=\"pol-lg-4 pol-md-6 pol-sm-12 range_filter asl-ddl-filters hide\">\n                      <div class=\"rangeFilter asl-filter-cntrl\">\n                        <label class=\"asl-cntrl-lbl\">Umgebung<\/label>\n                        <input id=\"asl-radius-slide\" type=\"text\" class=\"span2\" \/>\n                        <span class=\"rad-unit\">Radius: <span id=\"asl-radius-input\"><\/span> <span id=\"asl-dist-unit\">km<\/span><\/span>\n                      <\/div>\n                  <\/div>\n                  <div class=\"pol-lg-2 pol-md-3 pol-sm-12 Status_filter\">\n                      <div class=\"asl-filter-cntrl\">\n                        <label class=\"asl-cntrl-lbl\">Status<\/label>\n                        <div class=\"onoffswitch\">\n                          <input type=\"checkbox\" name=\"onoffswitch\" class=\"onoffswitch-checkbox\" id=\"asl-open-close\" checked>\n                          <label class=\"onoffswitch-label\" for=\"asl-open-close\">\n                              <span class=\"onoffswitch-inner\"><\/span>\n                              <span class=\"onoffswitch-switch\"><\/span>\n                          <\/label>\n                        <\/div>\n                      <\/div>\n                  <\/div>\n                <\/div>\n              <\/div>\n            <\/div>\n          <\/div>\n      <\/div>\n            <div class=\"sl-row\">\n        <div class=\"pol-12\">\n            <div class=\"sl-main-cont\">\n                <div class=\"sl-row no-gutters sl-main-row\">\n                    <div id=\"asl-panel\" class=\"asl-panel pol-md-5 pol-lg-4 asl_locator-panel\">\n                        <div class=\"asl-overlay\" id=\"map-loading\">\n                            <div class=\"white\"><\/div>\n                            <div class=\"sl-loading\">\n                              <i class=\"animate-sl-spin icon-spin3\"><\/i>\n                              Laden...                            <\/div>\n                        <\/div>\n                                                <!-- list -->\n                        <div class=\"asl-panel-inner\">\n                            <div class=\"top-title Num_of_store\">\n                              <span><span class=\"sl-head-title\">H\u00e4ndler<\/span>: <span class=\"count-result\">0<\/span><\/span>\n                                                              <a class=\"asl-print-btn\"><span>DRUCKEN<\/span><span class=\"asl-print\"><\/span><\/a>\n                                                          <\/div>\n                            <div class=\"sl-main-cont-box\">\n                              <div id=\"asl-list\" class=\"sl-list-wrapper\">\n                                <ul id=\"p-statelist\" class=\"sl-list\">\n                                <\/ul>\n                              <\/div>\n                            <\/div>\n                        <\/div>\n\n                        <div class=\"directions-cont hide\">\n                            <div class=\"agile-modal-header\">\n                                <button type=\"button\" class=\"close\"><span aria-hidden=\"true\">\u00d7<\/span><\/button>\n                                <h4>Richtung speichern<\/h4>\n                            <\/div>\n                            <div class=\"rendered-directions\" id=\"asl-rendered-dir\" style=\"direction: ltr;\"><\/div>\n                        <\/div>\n                    <\/div>\n                    <div class=\"pol-md-7 pol-lg-8 asl-map\">\n                        <div class=\"map-image\">\n                            <div id=\"asl-map-canv\" class=\"asl-map-canv\"><\/div>\n                            <div id=\"agile-modal-direction\" class=\"agile-modal fade\">\n    <div class=\"agile-modal-backdrop-in\"><\/div>\n    <div class=\"agile-modal-dialog in\">\n        <div class=\"agile-modal-content\">\n            <div class=\"sl-form-group d-flex justify-content-between\">\n                <h4>Route planen<\/h4>\n                <button type=\"button\" class=\"close-directions sl-close\" data-dismiss=\"agile-modal\" aria-label=\"Close\">&times;<\/button>\n            <\/div>\n            <div class=\"sl-form-group\">\n                <label for=\"frm-lbl\">Von:<\/label>\n                <input type=\"text\" class=\"form-control frm-place\" id=\"frm-lbl\" placeholder=\"Adresse eingeben\">\n            <\/div>\n            <div class=\"sl-form-group\">\n                <label for=\"frm-lbl\">Nach:<\/label>\n                <input readonly=\"true\" type=\"text\"  class=\"directions-to form-control\" id=\"to-lbl\" placeholder=\"Prepopulated Destination Address\">\n            <\/div>\n            <div class=\"sl-form-group mb-0\">\n                <label class=\"checkbox-inline\">\n                    <input type=\"radio\" name=\"dist-type\"  id=\"rbtn-km\" value=\"0\"> km                <\/label>\n                <label class=\"checkbox-inline\">\n                    <input type=\"radio\" name=\"dist-type\" checked id=\"rbtn-mile\" value=\"1\"> Meile                <\/label>\n            <\/div>\n            <div class=\"sl-form-group mb-0\">\n                <button type=\"submit\" class=\"btn btn-default btn-submit\">Route planen<\/button>\n            <\/div>\n        <\/div>\n    <\/div>\n<\/div>\n\n<div id=\"asl-geolocation-agile-modal\" class=\"agile-modal fade\">\n  <div class=\"agile-modal-backdrop-in\"><\/div>\n  <div class=\"agile-modal-dialog in\">\n    <div class=\"agile-modal-content\">\n            <div class=\"sl-form-group d-flex justify-content-between\">\n        <h5>Aktuelle Position verwenden um die n\u00e4chste Verkaufsstelle anzuzeigen<\/h5>\n        <button type=\"button\" class=\"close-directions sl-close\" data-dismiss=\"agile-modal\" aria-label=\"Close\" aria-hidden=\"true\">&times;<\/button>\n      <\/div>\n      <div class=\"sl-form-group text-center mb-0\">\n        <button type=\"button\" id=\"asl-btn-geolocation\" class=\"btn btn-block btn-default\">Position verwenden<\/button>\n      <\/div>\n          <\/div>\n  <\/div>\n<\/div>\n\n<div id=\"asl-desc-agile-modal\" class=\"agile-modal fade\">\n  <div class=\"agile-modal-backdrop-in\"><\/div>\n  <div class=\"agile-modal-dialog in\">\n    <div class=\"agile-modal-content\">\n      <div class=\"sl-row\">\n        <div class=\"pol-md-12\">\n          <div class=\"sl-form-group d-flex justify-content-between\">\n            <h4 class=\"sl-title\"><\/h4>\n            <button type=\"button\" class=\"close-directions sl-close\" data-dismiss=\"agile-modal\" aria-label=\"Close\">&times;<\/button>\n          <\/div>\n          <p class=\"sl-desc\"><\/p>\n        <\/div>\n      <\/div>\n    <\/div>\n  <\/div>\n<\/div>                        <\/div>\n                    <\/div>\n                <\/div>\n            <\/div>\n        <\/div>\n      <\/div>\n    <\/div>\n  <\/div>\n<\/div>\n<!-- This plugin is developed by \"Agile Store Locator for WordPress\" https:\/\/agilestorelocator.com --><\/div>\n\t\t\t\t\t\t<\/div>\n\t\t\t\t<\/div>\n\t\t\t\t\t<\/div>\n\t\t<\/div>\n\t\t\t\t\t<\/div>\n\t\t<\/section>\n\t\t\t\t<\/div>\n\t\t","protected":false},"excerpt":{"rendered":"<p>HOHE PR\u00c4SENZ IN IHRER N\u00c4HE Unsere B\u00fcros im Ausland und unsere H\u00e4ndler, Immer bei Ihnen. Alientech-H\u00e4ndler sind die einzigen, welche original Alientech-Produkte verkaufen d\u00fcrfen. Ein Netzwerk, dem Sie vertrauen k\u00f6nnen und das Sie bei der Auswahl der richtigen Produkte unterst\u00fctzt. Fachwissen, technische Vorbereitung und hervorragende Einweisung zeichnen alle unsere H\u00e4ndler aus. Sie sind die einzigen, [&hellip;]<\/p>\n","protected":false},"author":9,"featured_media":0,"parent":0,"menu_order":0,"comment_status":"closed","ping_status":"closed","template":"elementor_header_footer","meta":{"_acf_changed":false,"content-type":"","footnotes":""},"class_list":["post-16643","page","type-page","status-publish","hentry"],"acf":[],"_links":{"self":[{"href":"https:\/\/www.alientech-tools.com\/de\/wp-json\/wp\/v2\/pages\/16643","targetHints":{"allow":["GET"]}}],"collection":[{"href":"https:\/\/www.alientech-tools.com\/de\/wp-json\/wp\/v2\/pages"}],"about":[{"href":"https:\/\/www.alientech-tools.com\/de\/wp-json\/wp\/v2\/types\/page"}],"author":[{"embeddable":true,"href":"https:\/\/www.alientech-tools.com\/de\/wp-json\/wp\/v2\/users\/9"}],"replies":[{"embeddable":true,"href":"https:\/\/www.alientech-tools.com\/de\/wp-json\/wp\/v2\/comments?post=16643"}],"version-history":[{"count":0,"href":"https:\/\/www.alientech-tools.com\/de\/wp-json\/wp\/v2\/pages\/16643\/revisions"}],"wp:attachment":[{"href":"https:\/\/www.alientech-tools.com\/de\/wp-json\/wp\/v2\/media?parent=16643"}],"curies":[{"name":"wp","href":"https:\/\/api.w.org\/{rel}","templated":true}]}}